{"id":118,"date":"2022-09-11T18:03:24","date_gmt":"2022-09-11T16:03:24","guid":{"rendered":"http:\/\/nurb-viewpoint.com\/?page_id=118"},"modified":"2023-04-01T15:16:32","modified_gmt":"2023-04-01T13:16:32","slug":"mentions-legales","status":"publish","type":"page","link":"https:\/\/nurb-viewpoint.com\/fr\/mentions-legales\/","title":{"rendered":"Conditions g\u00e9n\u00e9rales"},"content":{"rendered":"<div data-elementor-type=\"wp-page\" data-elementor-id=\"118\" class=\"elementor elementor-118\">\n\t\t\t\t\t\t<section class=\"elementor-section elementor-top-section elementor-element elementor-element-7d3eff9 elementor-section-boxed elementor-section-height-default elementor-section-height-default\" data-id=\"7d3eff9\" data-element_type=\"section\" data-e-type=\"section\">\n\t\t\t\t\t\t<div class=\"elementor-container elementor-column-gap-default\">\n\t\t\t\t\t<div class=\"elementor-column elementor-col-100 elementor-top-column elementor-element elementor-element-0dc4202\" data-id=\"0dc4202\" data-element_type=\"column\" data-e-type=\"column\">\n\t\t\t<div class=\"elementor-widget-wrap elementor-element-populated\">\n\t\t\t\t\t\t<div class=\"elementor-element elementor-element-6996b02 elementor-widget elementor-widget-text-editor\" data-id=\"6996b02\" data-element_type=\"widget\" data-e-type=\"widget\" data-widget_type=\"text-editor.default\">\n\t\t\t\t<div class=\"elementor-widget-container\">\n\t\t\t\t\t\t\t\t\t<div class=\"ql-block\" data-block-id=\"block-1ecafaff-444d-4e8e-b64f-b85f0ede31e6\">Ces termes et conditions r\u00e9gissent l&#039;utilisation de ce site <a class=\"ql-link\" href=\"http:\/\/nurb-viewpoint.com\/fr\/\" target=\"_blank\" rel=\"noopener noreferrer\">nurb-viewpoint.com<\/a>.<\/div><div class=\"ql-block\" data-block-id=\"block-bb49c436-5089-4504-9f2f-fda3f4079c18\">Ce site appartient et est g\u00e9r\u00e9 par Julien VEREZ, ci-apr\u00e8s d\u00e9nomm\u00e9 \u00ab l&#039;administrateur du site \u00bb.<\/div><div class=\"ql-block\" data-block-id=\"block-e355a53c-1fab-449d-87e6-f8d2c52db063\">En utilisant ce site, vous indiquez que vous avez lu et compris les conditions d&#039;utilisation et que vous vous engagez \u00e0 les respecter en tout temps.<\/div>\t\t\t\t\t\t\t\t<\/div>\n\t\t\t\t<\/div>\n\t\t\t\t<div class=\"elementor-element elementor-element-d9746c7 elementor-widget elementor-widget-heading\" data-id=\"d9746c7\" data-element_type=\"widget\" data-e-type=\"widget\" data-widget_type=\"heading.default\">\n\t\t\t\t<div class=\"elementor-widget-container\">\n\t\t\t\t\t<h2 class=\"elementor-heading-title elementor-size-default\">Propri\u00e9t\u00e9 intellectuelle<\/h2>\t\t\t\t<\/div>\n\t\t\t\t<\/div>\n\t\t\t\t<div class=\"elementor-element elementor-element-bd318f1 elementor-widget elementor-widget-text-editor\" data-id=\"bd318f1\" data-element_type=\"widget\" data-e-type=\"widget\" data-widget_type=\"text-editor.default\">\n\t\t\t\t<div class=\"elementor-widget-container\">\n\t\t\t\t\t\t\t\t\t<p>Tout le contenu publi\u00e9 et mis \u00e0 disposition sur ce site est la propri\u00e9t\u00e9 de l&#039;administrateur du site. Cela inclut, mais sans s&#039;y limiter, les images, textes, logos, documents, fichiers t\u00e9l\u00e9chargeables et tout ce qui contribue \u00e0 la composition de ce site.<\/p>\t\t\t\t\t\t\t\t<\/div>\n\t\t\t\t<\/div>\n\t\t\t\t<div class=\"elementor-element elementor-element-f89c797 elementor-widget elementor-widget-heading\" data-id=\"f89c797\" data-element_type=\"widget\" data-e-type=\"widget\" data-widget_type=\"heading.default\">\n\t\t\t\t<div class=\"elementor-widget-container\">\n\t\t\t\t\t<h2 class=\"elementor-heading-title elementor-size-default\">Limitation de responsabilit\u00e9<\/h2>\t\t\t\t<\/div>\n\t\t\t\t<\/div>\n\t\t\t\t<div class=\"elementor-element elementor-element-ceab431 elementor-widget elementor-widget-text-editor\" data-id=\"ceab431\" data-element_type=\"widget\" data-e-type=\"widget\" data-widget_type=\"text-editor.default\">\n\t\t\t\t<div class=\"elementor-widget-container\">\n\t\t\t\t\t\t\t\t\t<div class=\"ql-block\" data-block-id=\"block-dea9f487-eb99-4537-b808-3c5ce32c688d\">L&#039;administrateur du site sera tenu responsable de tout probl\u00e8me d\u00e9coulant de ce site.<\/div><div class=\"ql-block\" data-block-id=\"block-53973db8-2328-49f3-a7eb-ea24f77a69ab\">N\u00e9anmoins, l&#039;administrateur du site ne pourra \u00eatre tenu responsable en cas de probl\u00e8me<\/div><div class=\"ql-block\" data-block-id=\"block-a6fd53ee-7c45-4a4a-808b-8253d31f2033\">d\u00e9coulant de toute utilisation irr\u00e9guli\u00e8re de ce site.<\/div>\t\t\t\t\t\t\t\t<\/div>\n\t\t\t\t<\/div>\n\t\t\t\t<div class=\"elementor-element elementor-element-aa0a838 elementor-widget elementor-widget-heading\" data-id=\"aa0a838\" data-element_type=\"widget\" data-e-type=\"widget\" data-widget_type=\"heading.default\">\n\t\t\t\t<div class=\"elementor-widget-container\">\n\t\t\t\t\t<h2 class=\"elementor-heading-title elementor-size-default\">Indemnit\u00e9<\/h2>\t\t\t\t<\/div>\n\t\t\t\t<\/div>\n\t\t\t\t<div class=\"elementor-element elementor-element-af06521 elementor-widget elementor-widget-text-editor\" data-id=\"af06521\" data-element_type=\"widget\" data-e-type=\"widget\" data-widget_type=\"text-editor.default\">\n\t\t\t\t<div class=\"elementor-widget-container\">\n\t\t\t\t\t\t\t\t\t<p>En tant qu&#039;utilisateur, vous d\u00e9gagez par la pr\u00e9sente l&#039;administrateur du site de toute responsabilit\u00e9, co\u00fbts, causes d&#039;action, dommages ou d\u00e9penses d\u00e9coulant de votre utilisation de ce site ou de votre violation de l&#039;une des dispositions \u00e9nonc\u00e9es dans ce document.<\/p>\t\t\t\t\t\t\t\t<\/div>\n\t\t\t\t<\/div>\n\t\t\t\t<div class=\"elementor-element elementor-element-da0a097 elementor-widget elementor-widget-heading\" data-id=\"da0a097\" data-element_type=\"widget\" data-e-type=\"widget\" data-widget_type=\"heading.default\">\n\t\t\t\t<div class=\"elementor-widget-container\">\n\t\t\t\t\t<h2 class=\"elementor-heading-title elementor-size-default\">Lois applicables<\/h2>\t\t\t\t<\/div>\n\t\t\t\t<\/div>\n\t\t\t\t<div class=\"elementor-element elementor-element-bc1790a elementor-widget elementor-widget-text-editor\" data-id=\"bc1790a\" data-element_type=\"widget\" data-e-type=\"widget\" data-widget_type=\"text-editor.default\">\n\t\t\t\t<div class=\"elementor-widget-container\">\n\t\t\t\t\t\t\t\t\t<div class=\"ql-block\" data-block-id=\"block-8259f3c2-4f78-46b5-a8a6-5559019a02e1\">Ce document est soumis au droit applicable en France et vise \u00e0 en respecter les r\u00e8gles et<\/div><div class=\"ql-block\" data-block-id=\"block-db357638-7dfd-4d92-aef0-ce2ff088d8c3\">r\u00e9glementations n\u00e9cessaires. Cela inclut les r\u00e9glementations \u00e0 l&#039;\u00e9chelle de l&#039;UE \u00e9nonc\u00e9es dans le RGPD.<\/div>\t\t\t\t\t\t\t\t<\/div>\n\t\t\t\t<\/div>\n\t\t\t\t<div class=\"elementor-element elementor-element-27d979f elementor-widget elementor-widget-heading\" data-id=\"27d979f\" data-element_type=\"widget\" data-e-type=\"widget\" data-widget_type=\"heading.default\">\n\t\t\t\t<div class=\"elementor-widget-container\">\n\t\t\t\t\t<h2 class=\"elementor-heading-title elementor-size-default\">Divisibilit\u00e9<\/h2>\t\t\t\t<\/div>\n\t\t\t\t<\/div>\n\t\t\t\t<div class=\"elementor-element elementor-element-eda7353 elementor-widget elementor-widget-text-editor\" data-id=\"eda7353\" data-element_type=\"widget\" data-e-type=\"widget\" data-widget_type=\"text-editor.default\">\n\t\t\t\t<div class=\"elementor-widget-container\">\n\t\t\t\t\t\t\t\t\t<p>Si, \u00e0 tout moment, l&#039;une des dispositions \u00e9nonc\u00e9es dans les pr\u00e9sentes est jug\u00e9e incompatible ou invalide en vertu de la loi applicable, ces dispositions seront r\u00e9put\u00e9es nulles et seront supprim\u00e9es du pr\u00e9sent document. Toutes les autres dispositions ne seront pas affect\u00e9es par la loi et le reste du document sera toujours consid\u00e9r\u00e9 comme valide.<\/p>\t\t\t\t\t\t\t\t<\/div>\n\t\t\t\t<\/div>\n\t\t\t\t<div class=\"elementor-element elementor-element-16e4da5 elementor-widget elementor-widget-heading\" data-id=\"16e4da5\" data-element_type=\"widget\" data-e-type=\"widget\" data-widget_type=\"heading.default\">\n\t\t\t\t<div class=\"elementor-widget-container\">\n\t\t\t\t\t<h2 class=\"elementor-heading-title elementor-size-default\">Modifications<\/h2>\t\t\t\t<\/div>\n\t\t\t\t<\/div>\n\t\t\t\t<div class=\"elementor-element elementor-element-cfa194b elementor-widget elementor-widget-text-editor\" data-id=\"cfa194b\" data-element_type=\"widget\" data-e-type=\"widget\" data-widget_type=\"text-editor.default\">\n\t\t\t\t<div class=\"elementor-widget-container\">\n\t\t\t\t\t\t\t\t\t<p>Ces termes et conditions peuvent \u00eatre modifi\u00e9s de temps \u00e0 autre pour maintenir la conformit\u00e9 avec la loi et pour refl\u00e9ter tout changement dans la fa\u00e7on dont nous g\u00e9rons notre site et la fa\u00e7on dont nous attendons des utilisateurs qu&#039;ils se comportent sur notre site. Nous recommandons \u00e0 nos utilisateurs de v\u00e9rifier ces termes et conditions de temps en temps pour s&#039;assurer qu&#039;ils sont au courant de toute mise \u00e0 jour. Si n\u00e9cessaire, nous informerons les utilisateurs par e-mail des modifications apport\u00e9es \u00e0 ces conditions ou nous publierons un avis sur notre site.<\/p>\t\t\t\t\t\t\t\t<\/div>\n\t\t\t\t<\/div>\n\t\t\t\t<div class=\"elementor-element elementor-element-75e3cb2 elementor-widget elementor-widget-heading\" data-id=\"75e3cb2\" data-element_type=\"widget\" data-e-type=\"widget\" data-widget_type=\"heading.default\">\n\t\t\t\t<div class=\"elementor-widget-container\">\n\t\t\t\t\t<h2 class=\"elementor-heading-title elementor-size-default\">Contact<\/h2>\t\t\t\t<\/div>\n\t\t\t\t<\/div>\n\t\t\t\t<div class=\"elementor-element elementor-element-bea03f5 elementor-widget elementor-widget-text-editor\" data-id=\"bea03f5\" data-element_type=\"widget\" data-e-type=\"widget\" data-widget_type=\"text-editor.default\">\n\t\t\t\t<div class=\"elementor-widget-container\">\n\t\t\t\t\t\t\t\t\t<p>Veuillez nous contacter si vous avez des questions ou des pr\u00e9occupations. Nos coordonn\u00e9es sont les suivantes : <a class=\"ql-link\" href=\"mailto:admin@nurb-viewpoint.com\" target=\"_blank\" rel=\"noopener noreferrer\">admin@nurb-viewpoint.com<\/a><\/p>\t\t\t\t\t\t\t\t<\/div>\n\t\t\t\t<\/div>\n\t\t\t\t\t<\/div>\n\t\t<\/div>\n\t\t\t\t\t<\/div>\n\t\t<\/section>\n\t\t\t\t<\/div>","protected":false},"excerpt":{"rendered":"<p>These terms and conditions govern the use of this site nurb-viewpoint.com.This site belongs to and is managed by Julien VEREZ, hereinafter called &#8220;the site administrator&#8221;.By using this site, you indicate that you have read and understood the terms of use and that you agree to abide by them at all times. Intellectual property All content [&hellip;]<\/p>\n","protected":false},"author":1,"featured_media":0,"parent":0,"menu_order":0,"comment_status":"closed","ping_status":"closed","template":"","meta":{"footnotes":""},"class_list":["post-118","page","type-page","status-publish","hentry","entry"],"yoast_head":"<!-- This site is optimized with the Yoast SEO plugin v27.4 - https:\/\/yoast.com\/product\/yoast-seo-wordpress\/ -->\n<title>Terms and conditions - N\u00dcRBURGRING VIEWING POINTS<\/title>\n<meta name=\"description\" content=\"Terms and conditions of use of the N\u00fcrburgring best viewing points site.\" \/>\n<meta name=\"robots\" content=\"noindex, nofollow\" \/>\n<meta property=\"og:locale\" content=\"fr_FR\" \/>\n<meta property=\"og:type\" content=\"article\" \/>\n<meta property=\"og:title\" content=\"Terms and conditions - N\u00dcRBURGRING VIEWING POINTS\" \/>\n<meta property=\"og:description\" content=\"Terms and conditions of use of the N\u00fcrburgring best viewing points site.\" \/>\n<meta property=\"og:url\" content=\"https:\/\/nurb-viewpoint.com\/fr\/mentions-legales\/\" \/>\n<meta property=\"og:site_name\" content=\"N\u00dcRBURGRING VIEWING POINTS\" \/>\n<meta property=\"article:modified_time\" content=\"2023-04-01T13:16:32+00:00\" \/>\n<meta name=\"twitter:card\" content=\"summary_large_image\" \/>\n<meta name=\"twitter:label1\" content=\"Dur\u00e9e de lecture estim\u00e9e\" \/>\n\t<meta name=\"twitter:data1\" content=\"2 minutes\" \/>\n<script type=\"application\/ld+json\" class=\"yoast-schema-graph\">{\"@context\":\"https:\\\/\\\/schema.org\",\"@graph\":[{\"@type\":\"WebPage\",\"@id\":\"https:\\\/\\\/nurb-viewpoint.com\\\/mentions-legales\\\/\",\"url\":\"https:\\\/\\\/nurb-viewpoint.com\\\/mentions-legales\\\/\",\"name\":\"Terms and conditions - N\u00dcRBURGRING VIEWING POINTS\",\"isPartOf\":{\"@id\":\"https:\\\/\\\/nurb-viewpoint.com\\\/en\\\/#website\"},\"datePublished\":\"2022-09-11T16:03:24+00:00\",\"dateModified\":\"2023-04-01T13:16:32+00:00\",\"description\":\"Terms and conditions of use of the N\u00fcrburgring best viewing points site.\",\"breadcrumb\":{\"@id\":\"https:\\\/\\\/nurb-viewpoint.com\\\/mentions-legales\\\/#breadcrumb\"},\"inLanguage\":\"fr-FR\",\"potentialAction\":[{\"@type\":\"ReadAction\",\"target\":[\"https:\\\/\\\/nurb-viewpoint.com\\\/mentions-legales\\\/\"]}]},{\"@type\":\"BreadcrumbList\",\"@id\":\"https:\\\/\\\/nurb-viewpoint.com\\\/mentions-legales\\\/#breadcrumb\",\"itemListElement\":[{\"@type\":\"ListItem\",\"position\":1,\"name\":\"Home\",\"item\":\"https:\\\/\\\/nurb-viewpoint.com\\\/en\\\/\"},{\"@type\":\"ListItem\",\"position\":2,\"name\":\"Terms and conditions\"}]},{\"@type\":\"WebSite\",\"@id\":\"https:\\\/\\\/nurb-viewpoint.com\\\/en\\\/#website\",\"url\":\"https:\\\/\\\/nurb-viewpoint.com\\\/en\\\/\",\"name\":\"N\u00dcRBURGRING VIEWING POINTS\",\"description\":\"Addresses and GPS coordinates of the best N\u00fcrburgring Nordschleife viewing points\",\"potentialAction\":[{\"@type\":\"SearchAction\",\"target\":{\"@type\":\"EntryPoint\",\"urlTemplate\":\"https:\\\/\\\/nurb-viewpoint.com\\\/en\\\/?s={search_term_string}\"},\"query-input\":{\"@type\":\"PropertyValueSpecification\",\"valueRequired\":true,\"valueName\":\"search_term_string\"}}],\"inLanguage\":\"fr-FR\"}]}<\/script>\n<!-- \/ Yoast SEO plugin. -->","yoast_head_json":{"title":"Conditions g\u00e9n\u00e9rales - POINTS DE VUE DU N\u00dcRBURGRING","description":"Conditions g\u00e9n\u00e9rales d&#039;utilisation du site des meilleurs points de vue du N\u00fcrburgring.","robots":{"index":"noindex","follow":"nofollow"},"og_locale":"fr_FR","og_type":"article","og_title":"Terms and conditions - N\u00dcRBURGRING VIEWING POINTS","og_description":"Terms and conditions of use of the N\u00fcrburgring best viewing points site.","og_url":"https:\/\/nurb-viewpoint.com\/fr\/mentions-legales\/","og_site_name":"N\u00dcRBURGRING VIEWING POINTS","article_modified_time":"2023-04-01T13:16:32+00:00","twitter_card":"summary_large_image","twitter_misc":{"Dur\u00e9e de lecture estim\u00e9e":"2 minutes"},"schema":{"@context":"https:\/\/schema.org","@graph":[{"@type":"WebPage","@id":"https:\/\/nurb-viewpoint.com\/mentions-legales\/","url":"https:\/\/nurb-viewpoint.com\/mentions-legales\/","name":"Conditions g\u00e9n\u00e9rales - POINTS DE VUE DU N\u00dcRBURGRING","isPartOf":{"@id":"https:\/\/nurb-viewpoint.com\/en\/#website"},"datePublished":"2022-09-11T16:03:24+00:00","dateModified":"2023-04-01T13:16:32+00:00","description":"Conditions g\u00e9n\u00e9rales d&#039;utilisation du site des meilleurs points de vue du N\u00fcrburgring.","breadcrumb":{"@id":"https:\/\/nurb-viewpoint.com\/mentions-legales\/#breadcrumb"},"inLanguage":"fr-FR","potentialAction":[{"@type":"ReadAction","target":["https:\/\/nurb-viewpoint.com\/mentions-legales\/"]}]},{"@type":"BreadcrumbList","@id":"https:\/\/nurb-viewpoint.com\/mentions-legales\/#breadcrumb","itemListElement":[{"@type":"ListItem","position":1,"name":"Home","item":"https:\/\/nurb-viewpoint.com\/en\/"},{"@type":"ListItem","position":2,"name":"Terms and conditions"}]},{"@type":"WebSite","@id":"https:\/\/nurb-viewpoint.com\/en\/#website","url":"https:\/\/nurb-viewpoint.com\/en\/","name":"N\u00dcRBURGRING VIEWING POINTS","description":"Adresses et coordonn\u00e9es GPS des meilleurs points de vue du N\u00fcrburgring Nordschleife","potentialAction":[{"@type":"SearchAction","target":{"@type":"EntryPoint","urlTemplate":"https:\/\/nurb-viewpoint.com\/en\/?s={search_term_string}"},"query-input":{"@type":"PropertyValueSpecification","valueRequired":true,"valueName":"search_term_string"}}],"inLanguage":"fr-FR"}]}},"_links":{"self":[{"href":"https:\/\/nurb-viewpoint.com\/fr\/wp-json\/wp\/v2\/pages\/118","targetHints":{"allow":["GET"]}}],"collection":[{"href":"https:\/\/nurb-viewpoint.com\/fr\/wp-json\/wp\/v2\/pages"}],"about":[{"href":"https:\/\/nurb-viewpoint.com\/fr\/wp-json\/wp\/v2\/types\/page"}],"author":[{"embeddable":true,"href":"https:\/\/nurb-viewpoint.com\/fr\/wp-json\/wp\/v2\/users\/1"}],"replies":[{"embeddable":true,"href":"https:\/\/nurb-viewpoint.com\/fr\/wp-json\/wp\/v2\/comments?post=118"}],"version-history":[{"count":25,"href":"https:\/\/nurb-viewpoint.com\/fr\/wp-json\/wp\/v2\/pages\/118\/revisions"}],"predecessor-version":[{"id":510,"href":"https:\/\/nurb-viewpoint.com\/fr\/wp-json\/wp\/v2\/pages\/118\/revisions\/510"}],"wp:attachment":[{"href":"https:\/\/nurb-viewpoint.com\/fr\/wp-json\/wp\/v2\/media?parent=118"}],"curies":[{"name":"wp","href":"https:\/\/api.w.org\/{rel}","templated":true}]}}