{"id":3,"date":"2022-08-21T21:36:32","date_gmt":"2022-08-21T19:36:32","guid":{"rendered":"http:\/\/nurb-viewpoint.com\/?page_id=3"},"modified":"2023-04-01T15:16:12","modified_gmt":"2023-04-01T13:16:12","slug":"politique-de-confidentialite","status":"publish","type":"page","link":"https:\/\/nurb-viewpoint.com\/fr\/politique-de-confidentialite\/","title":{"rendered":"Politique de confidentialit\u00e9"},"content":{"rendered":"<div data-elementor-type=\"wp-page\" data-elementor-id=\"3\" class=\"elementor elementor-3\">\n\t\t\t\t\t\t<section class=\"elementor-section elementor-top-section elementor-element elementor-element-4f091ff elementor-section-boxed elementor-section-height-default elementor-section-height-default\" data-id=\"4f091ff\" data-element_type=\"section\" data-e-type=\"section\">\n\t\t\t\t\t\t<div class=\"elementor-container elementor-column-gap-default\">\n\t\t\t\t\t<div class=\"elementor-column elementor-col-100 elementor-top-column elementor-element elementor-element-fa2927f\" data-id=\"fa2927f\" data-element_type=\"column\" data-e-type=\"column\">\n\t\t\t<div class=\"elementor-widget-wrap elementor-element-populated\">\n\t\t\t\t\t\t<div class=\"elementor-element elementor-element-ea82c8e elementor-widget elementor-widget-heading\" data-id=\"ea82c8e\" data-element_type=\"widget\" data-e-type=\"widget\" data-widget_type=\"heading.default\">\n\t\t\t\t<div class=\"elementor-widget-container\">\n\t\t\t\t\t<h2 class=\"elementor-heading-title elementor-size-default\">nurb-viewpoint.com<\/h2>\t\t\t\t<\/div>\n\t\t\t\t<\/div>\n\t\t\t\t<div class=\"elementor-element elementor-element-2040984 elementor-widget elementor-widget-heading\" data-id=\"2040984\" data-element_type=\"widget\" data-e-type=\"widget\" data-widget_type=\"heading.default\">\n\t\t\t\t<div class=\"elementor-widget-container\">\n\t\t\t\t\t<h2 class=\"elementor-heading-title elementor-size-default\">Objectif de cette politique de confidentialit\u00e9<\/h2>\t\t\t\t<\/div>\n\t\t\t\t<\/div>\n\t\t\t\t<div class=\"elementor-element elementor-element-6f73142 elementor-widget elementor-widget-text-editor\" data-id=\"6f73142\" data-element_type=\"widget\" data-e-type=\"widget\" data-widget_type=\"text-editor.default\">\n\t\t\t\t<div class=\"elementor-widget-container\">\n\t\t\t\t\t\t\t\t\t<div class=\"ql-block\" data-block-id=\"block-9ff84ef9-2e2a-4648-8806-d8705a88befb\">La pr\u00e9sente politique de confidentialit\u00e9 a pour objet d&#039;informer les utilisateurs de notre site des donn\u00e9es personnelles que nous allons collecter et des informations suivantes, le cas \u00e9ch\u00e9ant :<\/div><div class=\"ql-block\" data-block-id=\"block-1fdc9d2b-72d1-4e74-805a-f5f048ae3c3f\">un. Les donn\u00e9es personnelles que nous collecterons<\/div><div class=\"ql-block\" data-block-id=\"block-fb3016b4-78bf-4982-8602-3a74891a9575\">b. Utilisation des donn\u00e9es collect\u00e9es<\/div><div class=\"ql-block\" data-block-id=\"block-b3e5c1c7-b041-48dc-8211-c18b1297b96c\">vs. Qui a acc\u00e8s aux donn\u00e9es collect\u00e9es<\/div><div class=\"ql-block\" data-block-id=\"block-aa735d8d-bb07-45d9-b4ca-f34f59382b1c\">d. Droits d&#039;utilisation du site<\/div><div class=\"ql-block\" data-block-id=\"block-bcd2e763-4d9b-4224-acc7-5f875e7181a6\">e. La politique des cookies du site<\/div><div data-block-id=\"block-bcd2e763-4d9b-4224-acc7-5f875e7181a6\">\u00a0<\/div><div class=\"ql-block\" data-block-id=\"block-7bf83d09-efa9-4fcf-b94c-a1c96ccab726\">Cette politique de confidentialit\u00e9 fonctionne conjointement avec les conditions d&#039;utilisation de notre site.<\/div>\t\t\t\t\t\t\t\t<\/div>\n\t\t\t\t<\/div>\n\t\t\t\t<div class=\"elementor-element elementor-element-8088b04 elementor-widget elementor-widget-heading\" data-id=\"8088b04\" data-element_type=\"widget\" data-e-type=\"widget\" data-widget_type=\"heading.default\">\n\t\t\t\t<div class=\"elementor-widget-container\">\n\t\t\t\t\t<h2 class=\"elementor-heading-title elementor-size-default\">Lois applicables<\/h2>\t\t\t\t<\/div>\n\t\t\t\t<\/div>\n\t\t\t\t<div class=\"elementor-element elementor-element-1471fd6 elementor-widget elementor-widget-text-editor\" data-id=\"1471fd6\" data-element_type=\"widget\" data-e-type=\"widget\" data-widget_type=\"text-editor.default\">\n\t\t\t\t<div class=\"elementor-widget-container\">\n\t\t\t\t\t\t\t\t\t<div class=\"ql-block\" data-block-id=\"block-169e5fe3-681f-49cf-a783-989d00b16655\">Conform\u00e9ment au R\u00e8glement g\u00e9n\u00e9ral sur la protection des donn\u00e9es (RGPD), cette politique de confidentialit\u00e9 respecte les r\u00e9glementations suivantes.<\/div><div class=\"ql-block\" data-block-id=\"block-10bbdab4-0b4f-41ea-9508-c2a4f85a3be1\">Les donn\u00e9es personnelles doivent \u00eatre :<\/div><div class=\"ql-block\" data-block-id=\"block-8e760489-8b43-4cd5-b56b-d75a48269746\">un. trait\u00e9es de mani\u00e8re licite, loyale et transparente \u00e0 l&#039;\u00e9gard de la personne concern\u00e9e (lic\u00e9it\u00e9, loyaut\u00e9, transparence) ;<\/div><div class=\"ql-block\" data-block-id=\"block-bc851d8e-d60d-4196-bd8f-a520da7d1151\">b. collect\u00e9es pour des finalit\u00e9s d\u00e9termin\u00e9es, explicites et l\u00e9gitimes, et non trait\u00e9es ult\u00e9rieurement d&#039;une mani\u00e8re incompatible avec ces finalit\u00e9s\u00a0; le traitement ult\u00e9rieur \u00e0 des fins archivistiques dans l&#039;int\u00e9r\u00eat public, \u00e0 des fins de recherche scientifique ou historique ou \u00e0 des fins statistiques n&#039;est pas consid\u00e9r\u00e9, conform\u00e9ment \u00e0 l&#039;article 89, paragraphe 1, comme incompatible avec les finalit\u00e9s initiales (finalit\u00e9s de limitation);<\/div><div class=\"ql-block\" data-block-id=\"block-b68326d1-2895-4c24-acc1-692b9dba4775\">c. ad\u00e9quates, pertinentes et limit\u00e9es \u00e0 ce qui est n\u00e9cessaire au regard des finalit\u00e9s pour lesquelles elles sont trait\u00e9es (minimisation des donn\u00e9es) ;<\/div><div class=\"ql-block\" data-block-id=\"block-81230e06-666e-41b4-8e31-c5fc193d60c9\">d. exactes et, le cas \u00e9ch\u00e9ant, tenues \u00e0 jour\u00a0; toutes les mesures raisonnables doivent \u00eatre prises pour que les donn\u00e9es \u00e0 caract\u00e8re personnel inexactes, au regard des finalit\u00e9s pour lesquelles elles sont trait\u00e9es, soient effac\u00e9es ou rectifi\u00e9es sans d\u00e9lai (exactitude)\u00a0;<\/div><div class=\"ql-block\" data-block-id=\"block-a64b1cb0-4222-46cf-848c-19cb38bd8105\">e. conserv\u00e9es sous une forme permettant l&#039;identification des personnes concern\u00e9es pendant une dur\u00e9e n&#039;exc\u00e9dant pas celle n\u00e9cessaire au regard des finalit\u00e9s pour lesquelles elles sont trait\u00e9es ; les donn\u00e9es \u00e0 caract\u00e8re personnel peuvent \u00eatre conserv\u00e9es pendant des p\u00e9riodes plus longues dans la mesure o\u00f9 elles seront trait\u00e9es exclusivement \u00e0 des fins d&#039;archivage dans l&#039;int\u00e9r\u00eat public, \u00e0 des fins de recherche scientifique ou historique ou \u00e0 des fins statistiques conform\u00e9ment \u00e0 l&#039;article 89, paragraphe 1, \u00e0 condition que les mesures techniques et organisationnelles appropri\u00e9es requises par le R\u00e8glement sont mises en \u0153uvre afin de garantir les droits et libert\u00e9s de la personne concern\u00e9e (limitation de la conservation) ;<\/div><div class=\"ql-block\" data-block-id=\"block-bf148c21-61e6-4c9e-9b59-551f6c4d540b\">F. trait\u00e9es de mani\u00e8re \u00e0 assurer une s\u00e9curit\u00e9 appropri\u00e9e des donn\u00e9es personnelles, y compris la protection contre le traitement non autoris\u00e9 ou ill\u00e9gal et contre la perte, la destruction ou les dommages accidentels, en utilisant des mesures techniques ou organisationnelles appropri\u00e9es (int\u00e9grit\u00e9 et confidentialit\u00e9).<\/div><div class=\"ql-block\" data-block-id=\"block-334358ab-ec26-436b-a466-78e90965daec\">\u00a0<\/div><div class=\"ql-block\" data-block-id=\"block-583ea1c2-d208-4717-b3e0-ee4852086ccb\">Le traitement n&#039;est licite que si et dans la mesure o\u00f9 au moins une des conditions suivantes est remplie :<\/div><div class=\"ql-block\" data-block-id=\"block-50f39717-1cb9-42ce-b385-76949e6fb5c8\">un. la personne concern\u00e9e a consenti au traitement de ses donn\u00e9es personnelles pour une<\/div><div class=\"ql-block\" data-block-id=\"block-0c7ef7ba-1aee-4dda-822a-ebb5e07478fa\">ou \u00e0 des fins plus sp\u00e9cifiques\u00a0;<\/div><div class=\"ql-block\" data-block-id=\"block-4376d13e-183b-4b9c-9e30-a06eb6757bb2\">b. le traitement est n\u00e9cessaire \u00e0 l&#039;ex\u00e9cution d&#039;un contrat auquel la personne concern\u00e9e est partie<\/div><div class=\"ql-block\" data-block-id=\"block-dc0e51ce-1446-4c90-9274-c1aca67933a2\">ou l&#039;ex\u00e9cution de mesures pr\u00e9contractuelles prises \u00e0 la demande de ce dernier ;<\/div><div class=\"ql-block\" data-block-id=\"block-7374f59d-b580-4133-ac43-a09a5f3720ab\">c. le traitement est n\u00e9cessaire au respect d&#039;une obligation l\u00e9gale \u00e0 laquelle le responsable du traitement<\/div><div class=\"ql-block\" data-block-id=\"block-3d7b5da2-1c8a-4a68-bb44-886b3b723e01\">le traitement est soumis\u00a0;<\/div><div class=\"ql-block\" data-block-id=\"block-19c0e41a-734d-46f8-8fba-12bca91a61a1\">d. le traitement est n\u00e9cessaire pour prot\u00e9ger les int\u00e9r\u00eats vitaux de la personne concern\u00e9e ou<\/div><div class=\"ql-block\" data-block-id=\"block-0a4c422f-b427-4ccc-a5c1-2343d2696d75\">d&#039;une autre personne physique\u00a0;<\/div><div class=\"ql-block\" data-block-id=\"block-98fbc4d0-1da1-4dd7-9d78-efb0c6fff788\">e. le traitement est n\u00e9cessaire \u00e0 l&#039;ex\u00e9cution d&#039;une mission d&#039;int\u00e9r\u00eat public ou relevant de la<\/div><div class=\"ql-block\" data-block-id=\"block-28599458-6e36-4e30-842f-24e01f59d5a9\">l&#039;exercice de l&#039;autorit\u00e9 publique dont est investi le responsable du traitement\u00a0;<\/div><div class=\"ql-block\" data-block-id=\"block-4d809e15-f539-4802-b1f0-284329bc0f14\">F. le traitement est n\u00e9cessaire aux fins des int\u00e9r\u00eats l\u00e9gitimes poursuivis par le responsable du traitement ou par un tiers, \u00e0 moins que ne pr\u00e9valent les int\u00e9r\u00eats ou les libert\u00e9s et droits fondamentaux de la personne concern\u00e9e qui exigent la protection des donn\u00e9es \u00e0 caract\u00e8re personnel, notamment lorsque la personne concern\u00e9e est un enfant.<\/div>\t\t\t\t\t\t\t\t<\/div>\n\t\t\t\t<\/div>\n\t\t\t\t<div class=\"elementor-element elementor-element-97a67aa elementor-widget elementor-widget-heading\" data-id=\"97a67aa\" data-element_type=\"widget\" data-e-type=\"widget\" data-widget_type=\"heading.default\">\n\t\t\t\t<div class=\"elementor-widget-container\">\n\t\t\t\t\t<h2 class=\"elementor-heading-title elementor-size-default\">Consentement<\/h2>\t\t\t\t<\/div>\n\t\t\t\t<\/div>\n\t\t\t\t<div class=\"elementor-element elementor-element-80028cb elementor-widget elementor-widget-text-editor\" data-id=\"80028cb\" data-element_type=\"widget\" data-e-type=\"widget\" data-widget_type=\"text-editor.default\">\n\t\t\t\t<div class=\"elementor-widget-container\">\n\t\t\t\t\t\t\t\t\t<div class=\"ql-block\" data-block-id=\"block-d5a01b59-ff9b-4906-a707-a225f3bbffd8\">Les utilisateurs conviennent qu&#039;en utilisant notre site, ils consentent \u00e0\u00a0:<\/div><div class=\"ql-block\" data-block-id=\"block-773e8093-a584-4881-b2aa-b064cbbe754f\">un. les conditions \u00e9nonc\u00e9es dans la pr\u00e9sente politique de confidentialit\u00e9 et<\/div><div class=\"ql-block\" data-block-id=\"block-63080800-8e55-4252-950c-9b123d321d6f\">b. la collecte, l&#039;utilisation et la conservation des donn\u00e9es \u00e9num\u00e9r\u00e9es dans cette politique.<\/div>\t\t\t\t\t\t\t\t<\/div>\n\t\t\t\t<\/div>\n\t\t\t\t<div class=\"elementor-element elementor-element-c197817 elementor-widget elementor-widget-heading\" data-id=\"c197817\" data-element_type=\"widget\" data-e-type=\"widget\" data-widget_type=\"heading.default\">\n\t\t\t\t<div class=\"elementor-widget-container\">\n\t\t\t\t\t<h2 class=\"elementor-heading-title elementor-size-default\">Donn\u00e9es personnelles que nous collectons<\/h2>\t\t\t\t<\/div>\n\t\t\t\t<\/div>\n\t\t\t\t<div class=\"elementor-element elementor-element-af2ff6f elementor-widget elementor-widget-heading\" data-id=\"af2ff6f\" data-element_type=\"widget\" data-e-type=\"widget\" data-widget_type=\"heading.default\">\n\t\t\t\t<div class=\"elementor-widget-container\">\n\t\t\t\t\t<h3 class=\"elementor-heading-title elementor-size-default\">Donn\u00e9es collect\u00e9es automatiquement<\/h3>\t\t\t\t<\/div>\n\t\t\t\t<\/div>\n\t\t\t\t<div class=\"elementor-element elementor-element-68ade5b elementor-widget elementor-widget-text-editor\" data-id=\"68ade5b\" data-element_type=\"widget\" data-e-type=\"widget\" data-widget_type=\"text-editor.default\">\n\t\t\t\t<div class=\"elementor-widget-container\">\n\t\t\t\t\t\t\t\t\t<div class=\"ql-block\" data-block-id=\"block-98031a1c-c210-4c82-a0b0-8253d8d047ae\">Lorsque vous visitez et utilisez notre site, nous pouvons collecter et stocker automatiquement<\/div><div class=\"ql-block\" data-block-id=\"block-184875ad-d5d7-4bd1-81c3-42b6d0c15303\">information suivante:<\/div><div class=\"ql-block\" data-block-id=\"block-c719dd94-3fe6-4d41-aa59-8918381938b1\">un. adresse IP<\/div><div class=\"ql-block\" data-block-id=\"block-69bf7f09-e0fb-4f5d-8e6b-08b0c240736f\">b. Lieu<\/div><div class=\"ql-block\" data-block-id=\"block-29c58377-6cd3-4843-afbb-0fa245c5803e\">vs Liens sur lesquels un utilisateur clique lorsqu&#039;il utilise le site<\/div><div class=\"ql-block\" data-block-id=\"block-b2cbc2de-eda9-43e9-b334-24550f99da13\">d. Contenu que l&#039;utilisateur consulte sur votre site<\/div>\t\t\t\t\t\t\t\t<\/div>\n\t\t\t\t<\/div>\n\t\t\t\t<div class=\"elementor-element elementor-element-11e1e1c elementor-widget elementor-widget-heading\" data-id=\"11e1e1c\" data-element_type=\"widget\" data-e-type=\"widget\" data-widget_type=\"heading.default\">\n\t\t\t\t<div class=\"elementor-widget-container\">\n\t\t\t\t\t<h3 class=\"elementor-heading-title elementor-size-default\">Donn\u00e9es collect\u00e9es de mani\u00e8re non automatique<\/h3>\t\t\t\t<\/div>\n\t\t\t\t<\/div>\n\t\t\t\t<div class=\"elementor-element elementor-element-756bce9 elementor-widget elementor-widget-text-editor\" data-id=\"756bce9\" data-element_type=\"widget\" data-e-type=\"widget\" data-widget_type=\"text-editor.default\">\n\t\t\t\t<div class=\"elementor-widget-container\">\n\t\t\t\t\t\t\t\t\t<p>Nous ne collectons pas de donn\u00e9es suppl\u00e9mentaires lorsque l&#039;utilisateur ex\u00e9cute certaines fonctions sur notre site. Veuillez noter que nous ne collectons que des donn\u00e9es qui nous aident \u00e0 atteindre l&#039;objectif d\u00e9fini dans cette politique de confidentialit\u00e9. Nous ne collecterons pas de donn\u00e9es suppl\u00e9mentaires sans vous en informer au pr\u00e9alable.<\/p>\t\t\t\t\t\t\t\t<\/div>\n\t\t\t\t<\/div>\n\t\t\t\t<div class=\"elementor-element elementor-element-f996239 elementor-widget elementor-widget-heading\" data-id=\"f996239\" data-element_type=\"widget\" data-e-type=\"widget\" data-widget_type=\"heading.default\">\n\t\t\t\t<div class=\"elementor-widget-container\">\n\t\t\t\t\t<h2 class=\"elementor-heading-title elementor-size-default\">Comment nous utilisons les donn\u00e9es personnelles<\/h2>\t\t\t\t<\/div>\n\t\t\t\t<\/div>\n\t\t\t\t<div class=\"elementor-element elementor-element-ab4181e elementor-widget elementor-widget-text-editor\" data-id=\"ab4181e\" data-element_type=\"widget\" data-e-type=\"widget\" data-widget_type=\"text-editor.default\">\n\t\t\t\t<div class=\"elementor-widget-container\">\n\t\t\t\t\t\t\t\t\t<div class=\"ql-block\" data-block-id=\"block-1f59a1ca-f8ac-48de-8252-d842ca7bd7fd\">Les donn\u00e9es personnelles collect\u00e9es sur notre site ne seront utilis\u00e9es que pour les finalit\u00e9s pr\u00e9cis\u00e9es dans la pr\u00e9sente politique ou indiqu\u00e9es sur les pages concern\u00e9es de notre site. Nous n&#039;utiliserons pas vos donn\u00e9es au-del\u00e0 de ce que nous divulguons.<\/div><div class=\"ql-block\" data-block-id=\"block-83eeb14c-7902-4410-89ed-8b8d340e9cb9\">Les donn\u00e9es que nous collectons automatiquement sont utilis\u00e9es aux fins suivantes :<\/div><div class=\"ql-block\" data-block-id=\"block-2e961a9f-f2d9-4bb6-be30-16bf35372f89\">un. statistiques de visites<\/div>\t\t\t\t\t\t\t\t<\/div>\n\t\t\t\t<\/div>\n\t\t\t\t<div class=\"elementor-element elementor-element-206ec6b elementor-widget elementor-widget-heading\" data-id=\"206ec6b\" data-element_type=\"widget\" data-e-type=\"widget\" data-widget_type=\"heading.default\">\n\t\t\t\t<div class=\"elementor-widget-container\">\n\t\t\t\t\t<h2 class=\"elementor-heading-title elementor-size-default\">Combien de temps conservons-nous les donn\u00e9es personnelles<\/h2>\t\t\t\t<\/div>\n\t\t\t\t<\/div>\n\t\t\t\t<div class=\"elementor-element elementor-element-100c872 elementor-widget elementor-widget-text-editor\" data-id=\"100c872\" data-element_type=\"widget\" data-e-type=\"widget\" data-widget_type=\"text-editor.default\">\n\t\t\t\t<div class=\"elementor-widget-container\">\n\t\t\t\t\t\t\t\t\t<p>Nous ne conservons pas les donn\u00e9es des utilisateurs au-del\u00e0 de ce qui est n\u00e9cessaire pour remplir les finalit\u00e9s pour lesquelles elles sont collect\u00e9es.<\/p>\t\t\t\t\t\t\t\t<\/div>\n\t\t\t\t<\/div>\n\t\t\t\t<div class=\"elementor-element elementor-element-ed7fee0 elementor-widget elementor-widget-heading\" data-id=\"ed7fee0\" data-element_type=\"widget\" data-e-type=\"widget\" data-widget_type=\"heading.default\">\n\t\t\t\t<div class=\"elementor-widget-container\">\n\t\t\t\t\t<h2 class=\"elementor-heading-title elementor-size-default\">Contact<\/h2>\t\t\t\t<\/div>\n\t\t\t\t<\/div>\n\t\t\t\t<div class=\"elementor-element elementor-element-f7e213c elementor-widget elementor-widget-text-editor\" data-id=\"f7e213c\" data-element_type=\"widget\" data-e-type=\"widget\" data-widget_type=\"text-editor.default\">\n\t\t\t\t<div class=\"elementor-widget-container\">\n\t\t\t\t\t\t\t\t\t<p>Si vous avez des questions \u00e0 nous poser, n&#039;h\u00e9sitez pas \u00e0 nous contacter en utilisant : <a class=\"ql-link\" href=\"mailto:admin@nurb-viewpoint.com\" target=\"_blank\" rel=\"noopener noreferrer\">admin@nurb-viewpoint.com<\/a><\/p>\t\t\t\t\t\t\t\t<\/div>\n\t\t\t\t<\/div>\n\t\t\t\t\t<\/div>\n\t\t<\/div>\n\t\t\t\t\t<\/div>\n\t\t<\/section>\n\t\t\t\t<\/div>","protected":false},"excerpt":{"rendered":"<p>nurb-viewpoint.com Purpose of this privacy policy The purpose of this privacy policy is to inform users of our site of the personal data that we will collect and the following information, where applicable:a. The personal data we will collectb. Use of collected datavs. Who has access to the data collectedd. Site user rightse. The site&#8217;s [&hellip;]<\/p>\n","protected":false},"author":1,"featured_media":0,"parent":0,"menu_order":0,"comment_status":"closed","ping_status":"open","template":"","meta":{"footnotes":""},"class_list":["post-3","page","type-page","status-publish","hentry","entry"],"yoast_head":"<!-- This site is optimized with the Yoast SEO plugin v27.3 - https:\/\/yoast.com\/product\/yoast-seo-wordpress\/ -->\n<title>Privacy policy - N\u00dcRBURGRING VIEWING POINTS<\/title>\n<meta name=\"robots\" content=\"noindex, nofollow\" \/>\n<meta property=\"og:locale\" content=\"fr_FR\" \/>\n<meta property=\"og:type\" content=\"article\" \/>\n<meta property=\"og:title\" content=\"Privacy policy - N\u00dcRBURGRING VIEWING POINTS\" \/>\n<meta property=\"og:description\" content=\"nurb-viewpoint.com Purpose of this privacy policy The purpose of this privacy policy is to inform users of our site of the personal data that we will collect and the following information, where applicable:a. The personal data we will collectb. Use of collected datavs. Who has access to the data collectedd. Site user rightse. The site&#8217;s [&hellip;]\" \/>\n<meta property=\"og:url\" content=\"https:\/\/nurb-viewpoint.com\/fr\/politique-de-confidentialite\/\" \/>\n<meta property=\"og:site_name\" content=\"N\u00dcRBURGRING VIEWING POINTS\" \/>\n<meta property=\"article:modified_time\" content=\"2023-04-01T13:16:12+00:00\" \/>\n<meta name=\"twitter:card\" content=\"summary_large_image\" \/>\n<meta name=\"twitter:label1\" content=\"Dur\u00e9e de lecture estim\u00e9e\" \/>\n\t<meta name=\"twitter:data1\" content=\"4 minutes\" \/>\n<script type=\"application\/ld+json\" class=\"yoast-schema-graph\">{\"@context\":\"https:\\\/\\\/schema.org\",\"@graph\":[{\"@type\":\"WebPage\",\"@id\":\"https:\\\/\\\/nurb-viewpoint.com\\\/politique-de-confidentialite\\\/\",\"url\":\"https:\\\/\\\/nurb-viewpoint.com\\\/politique-de-confidentialite\\\/\",\"name\":\"Privacy policy - N\u00dcRBURGRING VIEWING POINTS\",\"isPartOf\":{\"@id\":\"https:\\\/\\\/nurb-viewpoint.com\\\/en\\\/#website\"},\"datePublished\":\"2022-08-21T19:36:32+00:00\",\"dateModified\":\"2023-04-01T13:16:12+00:00\",\"breadcrumb\":{\"@id\":\"https:\\\/\\\/nurb-viewpoint.com\\\/politique-de-confidentialite\\\/#breadcrumb\"},\"inLanguage\":\"fr-FR\",\"potentialAction\":[{\"@type\":\"ReadAction\",\"target\":[\"https:\\\/\\\/nurb-viewpoint.com\\\/politique-de-confidentialite\\\/\"]}]},{\"@type\":\"BreadcrumbList\",\"@id\":\"https:\\\/\\\/nurb-viewpoint.com\\\/politique-de-confidentialite\\\/#breadcrumb\",\"itemListElement\":[{\"@type\":\"ListItem\",\"position\":1,\"name\":\"Home\",\"item\":\"https:\\\/\\\/nurb-viewpoint.com\\\/en\\\/\"},{\"@type\":\"ListItem\",\"position\":2,\"name\":\"Privacy policy\"}]},{\"@type\":\"WebSite\",\"@id\":\"https:\\\/\\\/nurb-viewpoint.com\\\/en\\\/#website\",\"url\":\"https:\\\/\\\/nurb-viewpoint.com\\\/en\\\/\",\"name\":\"N\u00dcRBURGRING VIEWING POINTS\",\"description\":\"Addresses and GPS coordinates of the best N\u00fcrburgring Nordschleife viewing points\",\"potentialAction\":[{\"@type\":\"SearchAction\",\"target\":{\"@type\":\"EntryPoint\",\"urlTemplate\":\"https:\\\/\\\/nurb-viewpoint.com\\\/en\\\/?s={search_term_string}\"},\"query-input\":{\"@type\":\"PropertyValueSpecification\",\"valueRequired\":true,\"valueName\":\"search_term_string\"}}],\"inLanguage\":\"fr-FR\"}]}<\/script>\n<!-- \/ Yoast SEO plugin. -->","yoast_head_json":{"title":"Politique de confidentialit\u00e9 - POINTS DE VUE DU N\u00dcRBURGRING","robots":{"index":"noindex","follow":"nofollow"},"og_locale":"fr_FR","og_type":"article","og_title":"Privacy policy - N\u00dcRBURGRING VIEWING POINTS","og_description":"nurb-viewpoint.com Purpose of this privacy policy The purpose of this privacy policy is to inform users of our site of the personal data that we will collect and the following information, where applicable:a. The personal data we will collectb. Use of collected datavs. Who has access to the data collectedd. Site user rightse. The site&#8217;s [&hellip;]","og_url":"https:\/\/nurb-viewpoint.com\/fr\/politique-de-confidentialite\/","og_site_name":"N\u00dcRBURGRING VIEWING POINTS","article_modified_time":"2023-04-01T13:16:12+00:00","twitter_card":"summary_large_image","twitter_misc":{"Dur\u00e9e de lecture estim\u00e9e":"4 minutes"},"schema":{"@context":"https:\/\/schema.org","@graph":[{"@type":"WebPage","@id":"https:\/\/nurb-viewpoint.com\/politique-de-confidentialite\/","url":"https:\/\/nurb-viewpoint.com\/politique-de-confidentialite\/","name":"Politique de confidentialit\u00e9 - POINTS DE VUE DU N\u00dcRBURGRING","isPartOf":{"@id":"https:\/\/nurb-viewpoint.com\/en\/#website"},"datePublished":"2022-08-21T19:36:32+00:00","dateModified":"2023-04-01T13:16:12+00:00","breadcrumb":{"@id":"https:\/\/nurb-viewpoint.com\/politique-de-confidentialite\/#breadcrumb"},"inLanguage":"fr-FR","potentialAction":[{"@type":"ReadAction","target":["https:\/\/nurb-viewpoint.com\/politique-de-confidentialite\/"]}]},{"@type":"BreadcrumbList","@id":"https:\/\/nurb-viewpoint.com\/politique-de-confidentialite\/#breadcrumb","itemListElement":[{"@type":"ListItem","position":1,"name":"Home","item":"https:\/\/nurb-viewpoint.com\/en\/"},{"@type":"ListItem","position":2,"name":"Privacy policy"}]},{"@type":"WebSite","@id":"https:\/\/nurb-viewpoint.com\/en\/#website","url":"https:\/\/nurb-viewpoint.com\/en\/","name":"N\u00dcRBURGRING VIEWING POINTS","description":"Adresses et coordonn\u00e9es GPS des meilleurs points de vue du N\u00fcrburgring Nordschleife","potentialAction":[{"@type":"SearchAction","target":{"@type":"EntryPoint","urlTemplate":"https:\/\/nurb-viewpoint.com\/en\/?s={search_term_string}"},"query-input":{"@type":"PropertyValueSpecification","valueRequired":true,"valueName":"search_term_string"}}],"inLanguage":"fr-FR"}]}},"_links":{"self":[{"href":"https:\/\/nurb-viewpoint.com\/fr\/wp-json\/wp\/v2\/pages\/3","targetHints":{"allow":["GET"]}}],"collection":[{"href":"https:\/\/nurb-viewpoint.com\/fr\/wp-json\/wp\/v2\/pages"}],"about":[{"href":"https:\/\/nurb-viewpoint.com\/fr\/wp-json\/wp\/v2\/types\/page"}],"author":[{"embeddable":true,"href":"https:\/\/nurb-viewpoint.com\/fr\/wp-json\/wp\/v2\/users\/1"}],"replies":[{"embeddable":true,"href":"https:\/\/nurb-viewpoint.com\/fr\/wp-json\/wp\/v2\/comments?post=3"}],"version-history":[{"count":8,"href":"https:\/\/nurb-viewpoint.com\/fr\/wp-json\/wp\/v2\/pages\/3\/revisions"}],"predecessor-version":[{"id":648,"href":"https:\/\/nurb-viewpoint.com\/fr\/wp-json\/wp\/v2\/pages\/3\/revisions\/648"}],"wp:attachment":[{"href":"https:\/\/nurb-viewpoint.com\/fr\/wp-json\/wp\/v2\/media?parent=3"}],"curies":[{"name":"wp","href":"https:\/\/api.w.org\/{rel}","templated":true}]}}